{"id":256,"date":"2023-02-22T15:45:48","date_gmt":"2023-02-22T15:45:48","guid":{"rendered":"https:\/\/siteglose.azurewebsites.net\/?page_id=256"},"modified":"2023-03-03T12:06:24","modified_gmt":"2023-03-03T12:06:24","slug":"condicoes-de-utilizacao","status":"publish","type":"page","link":"https:\/\/www.gloseworld.com\/en\/condicoes-de-utilizacao\/","title":{"rendered":"Terms Of Use"},"content":{"rendered":"<div data-elementor-type=\"wp-page\" data-elementor-id=\"256\" class=\"elementor elementor-256\">\n\t\t\t\t\t\t\t\t\t<section class=\"elementor-section elementor-top-section elementor-element elementor-element-4cbc178 elementor-section-boxed elementor-section-height-default elementor-section-height-default\" data-id=\"4cbc178\" data-element_type=\"section\">\n\t\t\t\t\t\t<div class=\"elementor-container elementor-column-gap-default\">\n\t\t\t\t\t<div class=\"elementor-column elementor-col-100 elementor-top-column elementor-element elementor-element-fa82e03\" data-id=\"fa82e03\" data-element_type=\"column\">\n\t\t\t<div class=\"elementor-widget-wrap elementor-element-populated\">\n\t\t\t\t\t\t\t\t<div class=\"elementor-element elementor-element-84dc6b7 elementor-widget elementor-widget-heading\" data-id=\"84dc6b7\" data-element_type=\"widget\" data-widget_type=\"heading.default\">\n\t\t\t\t<div class=\"elementor-widget-container\">\n\t\t\t<style>\/*! elementor - v3.12.0 - 29-03-2023 *\/\n.elementor-heading-title{padding:0;margin:0;line-height:1}.elementor-widget-heading .elementor-heading-title[class*=elementor-size-]>a{color:inherit;font-size:inherit;line-height:inherit}.elementor-widget-heading .elementor-heading-title.elementor-size-small{font-size:15px}.elementor-widget-heading .elementor-heading-title.elementor-size-medium{font-size:19px}.elementor-widget-heading .elementor-heading-title.elementor-size-large{font-size:29px}.elementor-widget-heading .elementor-heading-title.elementor-size-xl{font-size:39px}.elementor-widget-heading .elementor-heading-title.elementor-size-xxl{font-size:59px}<\/style><h2 class=\"elementor-heading-title elementor-size-default\">AGREEMENT BETWEEN USER AND GLOSE - Global Systems Engineering<\/h2>\t\t<\/div>\n\t\t\t\t<\/div>\n\t\t\t\t<div class=\"elementor-element elementor-element-c6988d4 elementor-widget elementor-widget-text-editor\" data-id=\"c6988d4\" data-element_type=\"widget\" data-widget_type=\"text-editor.default\">\n\t\t\t\t<div class=\"elementor-widget-container\">\n\t\t\t<style>\/*! elementor - v3.12.0 - 29-03-2023 *\/\n.elementor-widget-text-editor.elementor-drop-cap-view-stacked .elementor-drop-cap{background-color:#69727d;color:#fff}.elementor-widget-text-editor.elementor-drop-cap-view-framed .elementor-drop-cap{color:#69727d;border:3px solid;background-color:transparent}.elementor-widget-text-editor:not(.elementor-drop-cap-view-default) .elementor-drop-cap{margin-top:8px}.elementor-widget-text-editor:not(.elementor-drop-cap-view-default) .elementor-drop-cap-letter{width:1em;height:1em}.elementor-widget-text-editor .elementor-drop-cap{float:left;text-align:center;line-height:1;font-size:50px}.elementor-widget-text-editor .elementor-drop-cap-letter{display:inline-block}<\/style>\t\t\t\tThe GLOSE - Global Systems Engineering Web Site is comprised of various Web pages operated by GLOSE - Global Systems Engineering.\n<br><br>\nThe GLOSE - Global Systems Engineering Web Site is offered to you conditioned on your acceptancewithout modification of the terms, conditions, and notices contained herein. Your use of the GLOSE - Global Systems Engineering Web Site constitutes your agreement to all such terms, conditions, and notices.\n<br><br>\n\nMODIFICATION OF THESE TERMS OF USE\n<br><br>\nGLOSE - Global Systems Engineering reserves the right to change the terms, conditions, and notices under which the GLOSE - Global Systems Engineering Web Site is offered, including but not limited to the charges associated with the use of the GLOSE - Global Systems Engineering Web Site.\n<br><br>\nLINKS TO THIRD PARTY SITES\n<br><br>\nThe GLOSE - Global Systems Engineering Web Site may contain links to other Web Sites (\"Linked Sites\"). The Linked Sites are not under the control of GLOSE - Global Systems Engineering and GLOSE - Global Systems Engineering is not responsible for the contents of any Linked Site, including without limitation any link contained in a Linked Site, or any changes or updates to a Linked Site. GLOSE - Global Systems Engineering is not responsible for webcasting or any other form of transmission received from any Linked Site. GLOSE - Global Systems Engineering is providing these links to you only as a convenience, and the inclusion of any link does not imply endorsement by GLOSE - Global Systems Engineering of the site or any association with its operators.\nMODIFICATION OF THESE TERMS OF USE\n<br><br>\nGLOSE - Global Systems Engineering reserves the right to change the terms, conditions, and notices under which the GLOSE - Global Systems Engineering Web Site is offered, including but not limited to the charges associated with the use of the GLOSE - Global Systems Engineering Web Site.\n<br><br>\nLINKS TO THIRD PARTY SITES\n<br><br>\nThe GLOSE - Global Systems Engineering Web Site may contain links to other Web Sites (\"Linked Sites\"). The Linked Sites are not under the control of GLOSE - Global Systems Engineering and GLOSE - Global Systems Engineering is not responsible for the contents of any Linked Site, including without limitation any link contained in a Linked Site, or any changes or updates to a Linked Site. GLOSE - Global Systems Engineering is not responsible for webcasting or any other form of transmission received from any Linked Site. GLOSE - Global Systems Engineering is providing these links to you only as a convenience, and the inclusion of any link does not imply endorsement by GLOSE - Global Systems Engineering of the site or any association with its operators.\n<br><br>\nO portal GLOSE &#8211; Global Systems Engineering reserva-se o direito de proceder a altera\u00e7\u00f5es ou actualiza\u00e7\u00f5es relativamente a ou sobre o Conte\u00fado desta P\u00e1gina web ou sobre o formato utilizado em qualquer   momento e sem aviso pr\u00e9vio. O portal GLOSE &#8211; Global Systems Engineering reserva-se o direito de terminar ou de  restringir o acesso \u00e0 P\u00e1gina web seja por que causa for e \u00e0 sua inteira discre\u00e7\u00e3o.\nEmbora tenha havido especial cuidado em assegurar que toda a informa\u00e7\u00e3o contida nesta P\u00e1gina web esteja correcta, O portal  GLOSE &#8211; Global Systems Engineering n\u00e3o assumir\u00e1 nenhum tipo de responsabilidade que da\u00ed possa advir. TODO O CONTE\u00daDO \u00c9  PROPORCIONADO \u201cTAL COMO \u00c9\u201d E \u201cTAL COMO EST\u00c1 DISPON\u00cdVEL\u201d. O portal  GLOSE &#8211; Global Systems Engineering RECUSA, PORTANTO E EXPRESSAMENTE, ACEITAR QUALQUER TIPO DE REPRESENTA\u00c7\u00c3O OU GARANTIA, EXPRESSA OU IMPL\u00cdCITA, INCLUINDO, SEM NENHUMA LIMITA\u00c7\u00c3O, AS GARANTIAS DE COMERCIALIZA\u00c7\u00c3O, ADEQUA\u00c7\u00c3O A UM DETERMINADO FIM, N\u00c3O INFRAC\u00c7\u00c3O, OU FUNCIONAMENTO DESTA P\u00c1GINA WEB OU DO SEU CONTE\u00daDO. A GLOSE &#8211; Global Systems Engineering N\u00c3O GARANTE NEM EFECTUA NENHUMA REPRESENTA\u00c7\u00c3O SOBRE A SEGURAN\u00c7A DESTA P\u00c1GINA WEB, PELO QUE DEVE TER-SE EM CONTA QUE QUALQUER INFORMA\u00c7\u00c3O ENVIADA PODER\u00c1 SER INTERCEPTADA. O portal GLOSE &#8211; Global Systems Engineering N\u00c3O GARANTE QUE ESTA P\u00c1GINA WEB, OS SERVIDORES QUE UTILIZAM ESTA P\u00c1GINA WEB OU OS MEIOS ELECTR\u00d3NICOS DE COMUNICA\u00c7\u00c3O QUE A GLOSE &#8211; Global Systems Engineering ENVIE ESTEJAM LIVRES DE V\u00cdRUS OU DE QUALQUER OUTRO ELEMENTO QUE POSSA SER PREJUDICIAL.\n<br><br>\nEM NENHUM CASO SER\u00c1 O portal GLOSE &#8211; Global Systems Engineering OU QUALQUER DAS SEUS AFILIADOS RESPONS\u00c1VEL POR QUALQUER DANO DIRECTO, INDIRECTO, CONSEQUENCIAL, PUN\u00cdVEL, ESPECIAL OU INCIDENTAL (INCLUINDO, SEM LIMITA\u00c7\u00c3O, OS DANOS RELATIVOS A PERDAS EM  NEG\u00d3CIOS, CONTRATOS, INVESTIMENTOS, DADOS, INFORMA\u00c7\u00c3O OU INTERRUP\u00c7\u00d5ES NO NEG\u00d3CIO) OCASIONADOS, ORIGINADOS OU EM LIGA\u00c7\u00c3O COM O USO OU A IMPOSSIBILIDADE DE UTILIZAR ESTA P\u00c1GINA WEB OU O SEU CONTE\u00daDO, INCLUSIV\u00c9 SE O PORTAL GLOSE &#8211; Global Systems Engineering TIVER  SIDO AVISADO DA POSSIBILIDADE DE TAIS DANOS. QUALQUER AC\u00c7\u00c3O QUE SE EMPREENDA CONTRA O PORTAL GLOSE &#8211; Global Systems Engineering POR OU EM CONEX\u00c3O COM  ESTA P\u00c1GINA WEB DEVE SER COME\u00c7ADA NOTIFICANDO-SE O PORTAL GLOSE &#8211; Global Systems Engineering POR ESCRITO DENTRO DO PRAZO DE UM (1) ANO A CONTAR DA DATA EM QUE SE TENHA PRODUZIDO A CAUSA QUE D\u00ca ORIGEM A ESSA AC\u00c7\u00c3O.\n<br><br>\nEsta P\u00e1gina web pode conter liga\u00e7\u00f5es com outras p\u00e1ginas web que n\u00e3o se encontrem sob o controlo de GLOSE &#8211; Global Systems Engineering. O portal  GLOSE &#8211; Global Systems Engineering n\u00e3o ser\u00e1 respons\u00e1vel de modo algum pelo conte\u00fado de outras p\u00e1ginas web. A GLOSE &#8211; Global Systems Engineering proporciona essas liga\u00e7\u00f5es apenas para comodidade do utilizador desta P\u00e1gina web, e a inclus\u00e3o de uma liga\u00e7\u00e3o a outras p\u00e1ginas web n\u00e3o implica rela\u00e7\u00e3o alguma do GLOSE &#8211; Global Systems Engineering com o conte\u00fado dessas p\u00e1ginas.\n<br><br>\nOs \u201ccopyrights\u201d e demais direitos de propriedade sobre o Conte\u00fado (incluindo, sem limita\u00e7\u00f5es, software, audio, v\u00eddeo, texto e fotografias) pertencem ao portal GLOSE &#8211; Global Systems Engineering ou aos propriet\u00e1rios das licen\u00e7as correspondentes. Reservam-se  todos os direitos sobre o Conte\u00fado que n\u00e3o estejam expressamente garantidos pelo presente documento. Excepto quando se comprove o contr\u00e1rio, o Conte\u00fado publicado nesta P\u00e1gina web s\u00f3 pode ser reproduzido ou distribu\u00eddo sem altera\u00e7\u00e3o para uso pessoal e nunca comercial. Est\u00e1 estritamente proibido qualquer outro uso do Conte\u00fado, incluindo, sem limita\u00e7\u00e3o, a distribui\u00e7\u00e3o, a reprodu\u00e7\u00e3o, a modifica\u00e7\u00e3o, a visualiza\u00e7\u00e3o ou a transmiss\u00e3o sem autoriza\u00e7\u00e3o pr\u00e9via por escrito do portal GLOSE &#8211; Global Systems Engineering. Todos os \u201ccopyrights\u201d e demais notifica\u00e7\u00f5es sobre a propriedade deste material devem constar em  todas as reprodu\u00e7\u00f5es.\n<br><br>\nQualquer material que seja enviado atrav\u00e9s ou em liga\u00e7\u00e3o com esta P\u00e1gina web (\u201cMateriais procedentes do utilizador\u201d) ser\u00e1 tratado como n\u00e3o confidencial e n\u00e3o est\u00e1 sujeito a direito de propriedade, convertendo-se de forma imediata em propriedade do GLOSE &#8211; Global Systems Engineering, e estar\u00e1 sujeito \u00e0 pol\u00edtica de privacidade assinalada nesta P\u00e1gina web. O portal GLOSE &#8211; Global Systems Engineering pode fazer uso desses Materiais procedentes do utilizador conforme considere oportuno, em qualquer lugar do mundo, sem obriga\u00e7\u00e3o alguma de compensa\u00e7\u00e3o, e livre de todo o direito moral, direitos de propriedade intelectual e\/ou outros direitos de propriedade sobre esses Materiais procedentes do utilizador.\n<br><br>\nA P\u00e1gina web pode conter refer\u00eancias a certos produtos e servi\u00e7os espec\u00edficos do GLOSE &#8211; Global Systems Engineering que poder\u00e3o n\u00e3o estar dispon\u00edveis (totalmente) nalguns pa\u00edses. Tal refer\u00eancia n\u00e3o implica ou garante que esses produtos ou servi\u00e7os estejam dispon\u00edveis em qualquer momento e em qualquer pa\u00eds. Contacte, por favor, o portal GLOSE &#8211; Global Systems Engineering para obter mais informa\u00e7\u00e3o a esse respeito.\n<br><br>\nA licen\u00e7a de software que se pode utilizar atrav\u00e9s ou a partir desta P\u00e1gina web est\u00e1 sujeita aos termos do acordo de licen\u00e7a a aplicar. Excepto pelo que for especificado no acordo de licen\u00e7a a aplicar, somente os utilizadores podem utilizar o software e fica expressamente proibida qualquer outra c\u00f3pia, reprodu\u00e7\u00e3o ou redistribui\u00e7\u00e3o desse  software. AS GARANTIAS, SE AS HOUVER, RELATIVAS A TAL SOFTWARE S\u00d3 SE APLICAR\u00c3O TAL E COMO ESTIVER EXPRESSAMENTE FIXADO NO ACORDO DE LICEN\u00c7A A APLICAR. PELO PRESENTE DOCUMENTO, O PORTAL GLOSE &#8211; Global Systems Engineering RECUSA EXPRESSAMENTE QUALQUER REPRESENTA\u00c7\u00c3O E  GARANTIA DE QUALQUER TIPO, EXPRESSA OU IMPL\u00cdCITA, INCLUINDO, SEM LIMITA\u00c7\u00c3O ALGUMA, AS GARANTIAS DE COMERCIALIZA\u00c7\u00c3O, ADEQUA\u00c7\u00c3O A UM DETERMINADO FIM OU N\u00c3O INFRAC\u00c7\u00c3O COM RESPEITO A ESTE SOFTWARE.\n<br><br>\nEstas Condi\u00e7\u00f5es de utiliza\u00e7\u00e3o est\u00e3o sob a jurisdi\u00e7\u00e3o e ser\u00e3o redigidas de acordo com as leis de Portugal sem ter em conta os princ\u00edpios de conflitos de leis. O utilizador aceita submeter-se \u00e0 jurisdi\u00e7\u00e3o exclusiva dos tribunais de Portugal para qualquer reclama\u00e7\u00e3o ou exerc\u00edcio de ac\u00e7\u00e3o que possa derivar de, esteja relacionada com ou em liga\u00e7\u00e3o com estas Condi\u00e7\u00f5es de utiliza\u00e7\u00e3o ou com esta P\u00e1gina web, sempre e quando essa exclusividade se aplique \u00e0s ac\u00e7\u00f5es legais que O portal GLOSE &#8211; Global Systems Engineering inicie ou empreenda.\t\t\t\t\t\t<\/div>\n\t\t\t\t<\/div>\n\t\t\t\t\t<\/div>\n\t\t<\/div>\n\t\t\t\t\t\t\t<\/div>\n\t\t<\/section>\n\t\t\t\t\t\t\t<\/div>","protected":false},"excerpt":{"rendered":"<p>Acordo de Utiliza\u00e7\u00e3o entre o Utilizador e o Portal GLOSE &#8211; Global Systems Engineering Ao aceder e utilizar esta P\u00e1gina web, aceita submeter-se \u00e0s seguintes condi\u00e7\u00f5es de utiliza\u00e7\u00e3o e a todos os termos e condi\u00e7\u00f5es contidos ou a que se faz refer\u00eancia no presente documento ou a qualquer termo ou condi\u00e7\u00e3o que se estabele\u00e7a para [&hellip;]<\/p>","protected":false},"author":1,"featured_media":0,"parent":0,"menu_order":0,"comment_status":"closed","ping_status":"closed","template":"","meta":{"footnotes":""},"class_list":["post-256","page","type-page","status-publish","hentry"],"_links":{"self":[{"href":"https:\/\/www.gloseworld.com\/en\/wp-json\/wp\/v2\/pages\/256","targetHints":{"allow":["GET"]}}],"collection":[{"href":"https:\/\/www.gloseworld.com\/en\/wp-json\/wp\/v2\/pages"}],"about":[{"href":"https:\/\/www.gloseworld.com\/en\/wp-json\/wp\/v2\/types\/page"}],"author":[{"embeddable":true,"href":"https:\/\/www.gloseworld.com\/en\/wp-json\/wp\/v2\/users\/1"}],"replies":[{"embeddable":true,"href":"https:\/\/www.gloseworld.com\/en\/wp-json\/wp\/v2\/comments?post=256"}],"version-history":[{"count":13,"href":"https:\/\/www.gloseworld.com\/en\/wp-json\/wp\/v2\/pages\/256\/revisions"}],"predecessor-version":[{"id":450,"href":"https:\/\/www.gloseworld.com\/en\/wp-json\/wp\/v2\/pages\/256\/revisions\/450"}],"wp:attachment":[{"href":"https:\/\/www.gloseworld.com\/en\/wp-json\/wp\/v2\/media?parent=256"}],"curies":[{"name":"wp","href":"https:\/\/api.w.org\/{rel}","templated":true}]}}